{"id":103410,"date":"2024-08-28T08:31:57","date_gmt":"2024-08-28T06:31:57","guid":{"rendered":"https:\/\/ikili.eus\/carta-de-pintxos\/"},"modified":"2026-04-29T12:36:35","modified_gmt":"2026-04-29T10:36:35","slug":"carta-de-pintxos","status":"publish","type":"page","link":"https:\/\/ikili.eus\/es\/carta-de-pintxos\/","title":{"rendered":"CARTA DE PINTXOS"},"content":{"rendered":"<p>[et_pb_section fb_built=\u00bb1&#8243; custom_padding_last_edited=\u00bbon|phone\u00bb disabled_on=\u00bboff|off|off\u00bb admin_label=\u00bbPC\u00bb _builder_version=\u00bb4.24.3&#8243; _module_preset=\u00bbdefault\u00bb background_color=\u00bb#E3D9BB\u00bb custom_padding=\u00bb||10vw||false|false\u00bb custom_padding_tablet=\u00bb||15vw||false|false\u00bb custom_padding_phone=\u00bb||20vw||false|false\u00bb global_colors_info=\u00bb{}\u00bb][et_pb_row _builder_version=\u00bb4.24.3&#8243; _module_preset=\u00bbdefault\u00bb global_colors_info=\u00bb{}\u00bb][et_pb_column type=\u00bb4_4&#8243; _builder_version=\u00bb4.24.3&#8243; _module_preset=\u00bbdefault\u00bb global_colors_info=\u00bb{}\u00bb][et_pb_image src=\u00bbhttps:\/\/ikili.eus\/wp-content\/uploads\/2024\/07\/talo.png\u00bb align=\u00bbcenter\u00bb _builder_version=\u00bb4.24.3&#8243; _module_preset=\u00bbdefault\u00bb width=\u00bb25vw\u00bb width_tablet=\u00bb40vw\u00bb width_phone=\u00bb70vw\u00bb width_last_edited=\u00bbon|phone\u00bb animation_style=\u00bbfade\u00bb animation_duration=\u00bb500ms\u00bb global_colors_info=\u00bb{}\u00bb][\/et_pb_image][\/et_pb_column][\/et_pb_row][et_pb_row column_structure=\u00bb1_2,1_2&#8243; admin_label=\u00bbcocina tradicional\u00bb _builder_version=\u00bb4.24.3&#8243; _module_preset=\u00bbdefault\u00bb width=\u00bb100%\u00bb max_width=\u00bb2560px\u00bb custom_padding=\u00bb0px||0px||true|false\u00bb global_colors_info=\u00bb{}\u00bb][et_pb_column type=\u00bb1_2&#8243; _builder_version=\u00bb4.24.3&#8243; _module_preset=\u00bbdefault\u00bb custom_padding=\u00bb|||10vw|false|false\u00bb custom_padding_tablet=\u00bb|5vw||5vw|false|true\u00bb custom_padding_phone=\u00bb|5vw||5vw|false|true\u00bb custom_padding_last_edited=\u00bbon|phone\u00bb global_colors_info=\u00bb{}\u00bb][et_pb_text _builder_version=\u00bb4.24.3&#8243; _module_preset=\u00bbdefault\u00bb text_font_size=\u00bb60px\u00bb text_letter_spacing=\u00bb-3px\u00bb text_line_height=\u00bb1em\u00bb animation_style=\u00bbslide\u00bb animation_direction=\u00bbbottom\u00bb animation_intensity_slide=\u00bb20%\u00bb text_font_size_tablet=\u00bb60px\u00bb text_font_size_phone=\u00bb40px\u00bb text_font_size_last_edited=\u00bbon|phone\u00bb text_letter_spacing_tablet=\u00bb-3px\u00bb text_letter_spacing_phone=\u00bb-2px\u00bb text_letter_spacing_last_edited=\u00bbon|phone\u00bb global_colors_info=\u00bb{}\u00bb]<\/p>\n<p>CARTA DE<br \/>PINTXOS<\/p>\n<p>[\/et_pb_text][et_pb_text _builder_version=\u00bb4.24.3&#8243; _module_preset=\u00bbdefault\u00bb text_font=\u00bbcourier-regular||||||||\u00bb text_text_color=\u00bb#000000&#8243; text_font_size=\u00bb20px\u00bb text_line_height=\u00bb1.3em\u00bb animation_style=\u00bbfade\u00bb animation_delay=\u00bb500ms\u00bb text_font_size_tablet=\u00bb15px\u00bb text_font_size_phone=\u00bb15px\u00bb text_font_size_last_edited=\u00bbon|tablet\u00bb global_colors_info=\u00bb{}\u00bb]<\/p>\n<p><span style=\"font-weight: 400;\">Un poco de cocina de aqu\u00ed y otro poco de cocina de all\u00e1; alg\u00fan cl\u00e1sico que no puede faltar y\u00a0 alg\u00fan gui\u00f1o a la \u2018finger food\u2019 vasca. Hemos creado una carta de pintxos y picoteos directa y\u00a0 sabrosa, sin rodeos. <\/span><\/p>\n<p>[\/et_pb_text][et_pb_text _builder_version=\u00bb4.24.3&#8243; _module_preset=\u00bbdefault\u00bb text_font=\u00bbcourier-regular||||||||\u00bb text_text_color=\u00bb#000000&#8243; text_line_height=\u00bb1.3em\u00bb animation_style=\u00bbfade\u00bb animation_delay=\u00bb500ms\u00bb text_font_size_tablet=\u00bb15px\u00bb text_font_size_phone=\u00bb15px\u00bb text_font_size_last_edited=\u00bbon|tablet\u00bb global_colors_info=\u00bb{}\u00bb]<\/p>\n<p class=\"p2\">Croqueta de jam\u00f3n con leche fresca<br \/>3.00\u20ac<\/p>\n<p class=\"p2\">Mini jam\u00f3n ib\u00e9rico Carrasco<br \/>4.50\u20ac<\/p>\n<p class=\"p1\">Talo chistorra Asensio<br \/>5.60\u20ac<\/p>\n<p class=\"p2\">Nuestra tortilla de bacalao<br \/>5.50\u20ac<\/p>\n<p class=\"p2\">Callos, morros, patas<br \/>7.00\u20ac<\/p>\n<p class=\"p2\">Patata haga biga (bravas)<br \/>9.50\u20ac<\/p>\n<p class=\"p2\">Begihandi fresco y frito con mayonesa de c\u00edtricos<br \/>17.50\u20ac<\/p>\n<p class=\"p2\">Ensaladilla rusa, ventresca de bonito, piparra de Ibarra y langostino cocido<br \/>8.00\u20ac\/15.00\u20ac<\/p>\n<p class=\"p2\">Jam\u00f3n Carrasco 100% ib\u00e9rico de bellota<br \/>18.00\u20ac\/28.00\u20ac<\/p>\n<p class=\"p2\">Pincho de carrillera al vino tinto y su patatita<br \/>7.00\u20ac<\/p>\n<p class=\"p2\">Tabla de quesos<br \/>14.00\u20ac\/24.00\u20ac<\/p>\n<p>[\/et_pb_text][\/et_pb_column][et_pb_column type=\u00bb1_2&#8243; _builder_version=\u00bb4.24.3&#8243; _module_preset=\u00bbdefault\u00bb custom_padding_tablet=\u00bb|5vw||5vw|false|true\u00bb custom_padding_phone=\u00bb|5vw||5vw|false|true\u00bb custom_padding_last_edited=\u00bbon|desktop\u00bb global_colors_info=\u00bb{}\u00bb][et_pb_gallery gallery_ids=\u00bb103886,103005,103009,103504,103622,103606&#8243; fullwidth=\u00bbon\u00bb _builder_version=\u00bb4.24.3&#8243; _module_preset=\u00bbdefault\u00bb title_level=\u00bbh1&#8243; title_text_color=\u00bb#667B6A\u00bb pagination_font=\u00bbsurt||||||||\u00bb pagination_text_color=\u00bb#FFFFFF\u00bb pagination_font_size=\u00bb10px\u00bb text_orientation=\u00bbcenter\u00bb background_layout=\u00bbdark\u00bb width=\u00bb70%\u00bb width_tablet=\u00bb70%\u00bb width_phone=\u00bb100%\u00bb width_last_edited=\u00bbon|phone\u00bb module_alignment=\u00bbright\u00bb custom_margin=\u00bb0px||0px||true|false\u00bb hover_enabled=\u00bb0&#8243; title_font_last_edited=\u00bboff|desktop\u00bb text_shadow_style=\u00bbpreset4&#8243; global_colors_info=\u00bb{}\u00bb sticky_enabled=\u00bb0&#8243;][\/et_pb_gallery][\/et_pb_column][\/et_pb_row][\/et_pb_section]<\/p>\n","protected":false},"excerpt":{"rendered":"<p>CARTA DEPINTXOSUn poco de cocina de aqu\u00ed y otro poco de cocina de all\u00e1; alg\u00fan cl\u00e1sico que no puede faltar y\u00a0 alg\u00fan gui\u00f1o a la \u2018finger food\u2019 vasca. Hemos creado una carta de pintxos y picoteos directa y\u00a0 sabrosa, sin rodeos. Croqueta de jam\u00f3n con leche fresca3.00\u20ac Mini jam\u00f3n ib\u00e9rico Carrasco4.50\u20ac Talo chistorra Asensio5.60\u20ac Nuestra [&hellip;]<\/p>\n","protected":false},"author":2,"featured_media":0,"parent":0,"menu_order":0,"comment_status":"closed","ping_status":"closed","template":"","meta":{"_et_pb_use_builder":"on","_et_pb_old_content":"","_et_gb_content_width":"","footnotes":""},"class_list":["post-103410","page","type-page","status-publish","hentry"],"aioseo_notices":[],"_links":{"self":[{"href":"https:\/\/ikili.eus\/es\/wp-json\/wp\/v2\/pages\/103410","targetHints":{"allow":["GET"]}}],"collection":[{"href":"https:\/\/ikili.eus\/es\/wp-json\/wp\/v2\/pages"}],"about":[{"href":"https:\/\/ikili.eus\/es\/wp-json\/wp\/v2\/types\/page"}],"author":[{"embeddable":true,"href":"https:\/\/ikili.eus\/es\/wp-json\/wp\/v2\/users\/2"}],"replies":[{"embeddable":true,"href":"https:\/\/ikili.eus\/es\/wp-json\/wp\/v2\/comments?post=103410"}],"version-history":[{"count":18,"href":"https:\/\/ikili.eus\/es\/wp-json\/wp\/v2\/pages\/103410\/revisions"}],"predecessor-version":[{"id":103889,"href":"https:\/\/ikili.eus\/es\/wp-json\/wp\/v2\/pages\/103410\/revisions\/103889"}],"wp:attachment":[{"href":"https:\/\/ikili.eus\/es\/wp-json\/wp\/v2\/media?parent=103410"}],"curies":[{"name":"wp","href":"https:\/\/api.w.org\/{rel}","templated":true}]}}