{"id":103472,"date":"2024-09-26T16:27:49","date_gmt":"2024-09-26T14:27:49","guid":{"rendered":"https:\/\/ikili.eus\/politica-de-privacidad-y-aviso-legal\/"},"modified":"2024-09-26T16:39:51","modified_gmt":"2024-09-26T14:39:51","slug":"politica-de-privacidad-y-aviso-legal","status":"publish","type":"page","link":"https:\/\/ikili.eus\/en\/politica-de-privacidad-y-aviso-legal\/","title":{"rendered":"POL\u00cdTICA DE PRIVACIDAD Y AVISO LEGAL\u00a0"},"content":{"rendered":"<p>[et_pb_section fb_built=&#8221;1&#8243; custom_padding_last_edited=&#8221;on|phone&#8221; disabled_on=&#8221;off|off|off&#8221; admin_label=&#8221;PC&#8221; _builder_version=&#8221;4.24.3&#8243; _module_preset=&#8221;default&#8221; background_color=&#8221;#A14C48&#8243; custom_padding=&#8221;10vw||10vw||true|false&#8221; custom_padding_tablet=&#8221;20vw||20vw||true|false&#8221; custom_padding_phone=&#8221;35vw||35vw||true|false&#8221; hover_enabled=&#8221;0&#8243; global_colors_info=&#8221;{}&#8221; theme_builder_area=&#8221;post_content&#8221; sticky_enabled=&#8221;0&#8243;][et_pb_row admin_label=&#8221;cocina tradicional&#8221; _builder_version=&#8221;4.24.3&#8243; _module_preset=&#8221;default&#8221; width=&#8221;100%&#8221; max_width=&#8221;2560px&#8221; custom_padding=&#8221;0px||0px||true|false&#8221; hover_enabled=&#8221;0&#8243; global_colors_info=&#8221;{}&#8221; theme_builder_area=&#8221;post_content&#8221; sticky_enabled=&#8221;0&#8243;][et_pb_column type=&#8221;4_4&#8243; _builder_version=&#8221;4.24.3&#8243; _module_preset=&#8221;default&#8221; custom_padding=&#8221;|10vw||10vw|false|true&#8221; custom_padding_tablet=&#8221;|5vw||5vw|false|true&#8221; custom_padding_phone=&#8221;|5vw||5vw|false|true&#8221; custom_padding_last_edited=&#8221;on|desktop&#8221; hover_enabled=&#8221;0&#8243; global_colors_info=&#8221;{}&#8221; theme_builder_area=&#8221;post_content&#8221; sticky_enabled=&#8221;0&#8243;][et_pb_text _builder_version=&#8221;4.24.3&#8243; _module_preset=&#8221;default&#8221; text_font_size=&#8221;60px&#8221; text_letter_spacing=&#8221;-3px&#8221; text_line_height=&#8221;1em&#8221; animation_style=&#8221;slide&#8221; animation_direction=&#8221;bottom&#8221; animation_intensity_slide=&#8221;20%&#8221; hover_enabled=&#8221;0&#8243; text_font_size_tablet=&#8221;60px&#8221; text_font_size_phone=&#8221;40px&#8221; text_font_size_last_edited=&#8221;on|phone&#8221; text_letter_spacing_tablet=&#8221;-3px&#8221; text_letter_spacing_phone=&#8221;-2px&#8221; text_letter_spacing_last_edited=&#8221;on|phone&#8221; global_colors_info=&#8221;{}&#8221; theme_builder_area=&#8221;post_content&#8221; sticky_enabled=&#8221;0&#8243;]<\/p>\n<p>POLI\u0301TICA DE PRIVACIDAD Y AVISO LEGAL<\/p>\n<p>[\/et_pb_text][et_pb_text _builder_version=&#8221;4.24.3&#8243; _module_preset=&#8221;default&#8221; text_font=&#8221;||||||||&#8221; text_text_color=&#8221;#000000&#8243; text_font_size=&#8221;20px&#8221; text_line_height=&#8221;1.3em&#8221; animation_style=&#8221;fade&#8221; animation_delay=&#8221;500ms&#8221; hover_enabled=&#8221;0&#8243; text_font_size_tablet=&#8221;15px&#8221; text_font_size_phone=&#8221;15px&#8221; text_font_size_last_edited=&#8221;on|tablet&#8221; global_colors_info=&#8221;{}&#8221; theme_builder_area=&#8221;post_content&#8221; sticky_enabled=&#8221;0&#8243;]<\/p>\n<p>\u201cInformacio\u0301n ba\u0301sica sobre proteccio\u0301n de datos\u201d<\/p>\n<p>PRIMERA CAPA<br \/>Responsable: <span style=\"font-weight: 400;\">IKILI DONOSTIA S.L. con NIF B20947339 <\/span><span style=\"font-weight: 400;\">y domicilio en Calle San Marcial, 7bis 20005 Donostia, Gipuzkoa, en adelante \u201cIKILI\u201d.<\/span><\/p>\n<p>Finalidad<span style=\"font-weight: 400;\">: i) gestionar correctamente las peticiones realizadas a trave\u0301s del formulario; ii) realizar el cumplimiento de obligaciones legales previstas en la Ley Orga\u0301nica 3\/2018, de 5 de diciembre, de Proteccio\u0301n de Datos Personales y garanti\u0301a de los derechos digitales (LOPD) y el Reglamento (UE) 2016\/679 (RGPD).<\/span><\/p>\n<p>Legitimacio\u0301n: <span style=\"font-weight: 400;\">i) necesario para la ejecucio\u0301n de un contrato y\/o medidas precontractuales; ii) obligacio\u0301n legal.<\/span><\/p>\n<p>Destinatarios: <span style=\"font-weight: 400;\">No se cedera\u0301n datos a terceros, salvo obligacio\u0301n legal. Para llevar a cabo las finalidades identificadas, IKILI contrata a terceros (proveedores) los cuales podra\u0301n tener acceso y\/o tratar los datos personales en su condicio\u0301n de encargados del tratamiento. En cualquier caso, tus datos personales no sera\u0301n transferidos a pai\u0301ses localizados fuera de la Unio\u0301n Europea sobre los que no existan garanti\u0301as adecuadas.<\/span><\/p>\n<p>Derechos: <span style=\"font-weight: 400;\">acceso, rectificacio\u0301n, supresio\u0301n y oposicio\u0301n, asi\u0301 como otros derechos, como se explica en la informacio\u0301n adicional.<\/span><\/p>\n<p>Informacio\u0301n adicional: <span style=\"font-weight: 400;\">puede consultar informacio\u0301n adicional y detallada sobre proteccio\u0301n de datos en nuestra Poli\u0301tica de Privacidad.<\/span><\/p>\n<p>SEGUNDA CAPA<\/p>\n<p><i>\u201cInformacio\u0301n adicional sobre proteccio\u0301n de datos<\/i><\/p>\n<p><span style=\"font-weight: 400;\">La presente Poli\u0301tica de Privacidad describe el tratamiento de tus datos personales realizado por parte de <\/span><span style=\"font-weight: 400;\">IKILI DONOSTIA S.L. con NIF B20947339 <\/span><span style=\"font-weight: 400;\">(en adelante, \u201cIKILI\u201d), a trave\u0301s del portal de Internet: (en adelante, el &#8220;Sitio&#8221;).<\/span><\/p>\n<p><span style=\"font-weight: 400;\">Debes ser mayor de edad para utilizar los servicios que se ofrecen a trave\u0301s del presente Sitio. Si detectamos que eres menor de 18 an\u0303os, podremos bloquear y\/o eliminar los datos de cara\u0301cter personal que, en su caso, nos hubieras facilitado. En cualquier caso, los padres o tutores del menor de edad podra\u0301n dirigirse a IKILI para bloquear y\/o eliminar los datos de cara\u0301cter personal del menor, a trave\u0301s de los medios indicados en el apartado \u201c<\/span><i><span style=\"font-weight: 400;\">TUS DERECHOS\u201d <\/span><\/i><span style=\"font-weight: 400;\">de la presente Poli\u0301tica de Privacidad.\u00a0<\/span><\/p>\n<p>\u00bfQUIE\u0301N ES EL RESPONSABLE DEL TRATAMIENTO?<\/p>\n<p><span style=\"font-weight: 400;\">\u2010\u00a0 Identidad: <\/span><span style=\"font-weight: 400;\">IKILI DONOSTIA S.L.<\/span> <span style=\"font-weight: 400;\"> \u00a0 \u00a0 \u00a0 \u00a0 \u00a0 \u00a0 \u00a0 \u00a0 <\/span><span style=\"font-weight: 400;\"><br \/><\/span><span style=\"font-weight: 400;\">\u2010\u00a0 CIF: <\/span><span style=\"font-weight: 400;\">B20947339<\/span> <span style=\"font-weight: 400;\"><br \/><\/span><span style=\"font-weight: 400;\">\u2010\u00a0 Direccio\u0301n: Calle San Marcial, 7bis 20005 Donostia, Gipuzkoa<\/span><span style=\"font-weight: 400;\"><br \/><\/span><span style=\"font-weight: 400;\">&#8211; Correo electr\u00f3nico: <\/span><span style=\"font-weight: 400;\">ikili.donostia@gmail.com<\/span><span style=\"font-weight: 400;\"><br \/><\/span> <span style=\"font-weight: 400;\"><br \/><\/span>\u00bfQUE\u0301 DATOS PERSONALES TRATAMOS?<\/p>\n<ol>\n<li><span style=\"font-weight: 400;\"> <\/span>Datos personales que tu\u0301 nos proporcionas. <span style=\"font-weight: 400;\">Generalmente, la informacio\u0301n personal que nos facilitas (a trave\u0301s del formulario del Sitio o si te pones en contacto con nuestro servicio de atencio\u0301n al cliente), es: nombre y apellidos, domicilio, DNI, fecha de nacimiento, correo electro\u0301nico y tele\u0301fono de contacto. En casos muy particulares, y dependiendo de la finalidad y uso previsto de sus datos, se podra\u0301n recabar datos de caracteri\u0301sticas personales, acade\u0301micos y profesionales, detalles de empleo, informacio\u0301n comercial, circunstancias sociales, econo\u0301mica y de seguros, transferencias de bienes y servicios.<\/span><span style=\"font-weight: 400;\"><br \/><\/span><span style=\"font-weight: 400;\"><br \/><\/span><span style=\"font-weight: 400;\">En este mismo sentido, los datos personales anteriormente indicados son obligatorios para atender tus solicitudes, de tal forma que, la negativa a suministrarlos supondra\u0301 la imposibilidad de poder atender las mismas y, en su caso, llevar a cabo la prestacio\u0301n de los servicios solicitados.<\/span><\/li>\n<\/ol>\n<p><span style=\"font-weight: 400;\">En caso de que facilites datos de terceros, manifiestas contar con el consentimiento de los mismos y te comprometes a trasladarle la informacio\u0301n contenida en esta cla\u0301usula, eximiendo a IKILI de cualquier responsabilidad. En cualquier caso, IKILI podra\u0301 llevar a cabo las verificaciones perio\u0301dicas para constatar este hecho, adoptando las medidas de diligencia debida que correspondan de conformidad con la normativa aplicable.<\/span><\/p>\n<ol start=\"2\">\n<li><span style=\"font-weight: 400;\"> <\/span>Datos personales que nosotros recogemos: <span style=\"font-weight: 400;\">el Sitio utiliza cookies (y\/o tecnologi\u0301as similares) de modo que, en funcio\u0301n de tu configuracio\u0301n de las mismas, IKILI podra\u0301 recoger y tratar datos de cara\u0301cter personal.<\/span><\/li>\n<\/ol>\n<p><span style=\"font-weight: 400;\">Generalmente, recabamos y almacenamos informacio\u0301n personal limitada y estadi\u0301sticas globales ano\u0301nimas de todos aquellos usuarios que visitan nuestras webs, ya sea porque nos facilitas dicha informacio\u0301n de forma activa o te encuentras simplemente navegando en nuestras webs. La informacio\u0301n que recabamos incluye la direccio\u0301n del protocolo de Internet (IP) del dispositivo que esta\u0301 usando, el programa de navegacio\u0301n que utiliza, su sistema operativo, la fecha y hora del acceso, la direccio\u0301n de Internet de la web por la que accedio\u0301 a nuestras webs y tambie\u0301n informacio\u0301n sobre co\u0301mo utiliza nuestras webs.<\/span><\/p>\n<p><span style=\"font-weight: 400;\">Para ma\u0301s informacio\u0301n sobre el uso y configuracio\u0301n de cookies (y\/o tecnologi\u0301as similares), por favor consulte nuestra Poli\u0301tica de cookies.\u00a0<\/span><\/p>\n<p>\u00bfPARA QUE\u0301 FINALIDADES?<\/p>\n<p><span style=\"font-weight: 400;\">IKILI tratara\u0301 tus datos personales para los siguientes fines:<\/span><\/p>\n<ul>\n<li style=\"font-weight: 400;\" aria-level=\"1\"><span style=\"font-weight: 400;\">En caso de que solicites informacio\u0301n a trave\u0301s de los formularios facilitados a tal efecto o te pongas en contacto con nuestro servicio de atencio\u0301n al cliente, para procesar y atender tu solicitud, asi\u0301 como proporcionarte el mejor servicio posible.<\/span><span style=\"font-weight: 400;\"><br \/><\/span><\/li>\n<li style=\"font-weight: 400;\" aria-level=\"1\"><span style=\"font-weight: 400;\">Cumplimiento de obligaciones legales, incluyendo, en su caso, tu consentimiento para realizar an\u00e1lisis estad\u00edsticos y elaborar perfiles basados en tus h\u00e1bitos de navegaci\u00f3n.<\/span><span style=\"font-weight: 400;\"><br \/><\/span><\/li>\n<li style=\"font-weight: 400;\" aria-level=\"1\"><span style=\"font-weight: 400;\">En funcio\u0301n de tu configuracio\u0301n sobre el uso de cookies, para realizar ana\u0301lisis estadi\u0301sticos y elaborar perfiles basados en tus ha\u0301bitos de navegacio\u0301n.<\/span><span style=\"font-weight: 400;\"><br \/><\/span><\/li>\n<\/ul>\n<p>LEGITIMACIO\u0301N<\/p>\n<p><span style=\"font-weight: 400;\">Las bases legales para el tratamiento de tus datos personales en funcio\u0301n de las finalidades arriba descritas son las siguientes:<\/span><\/p>\n<ul>\n<li style=\"font-weight: 400;\" aria-level=\"1\"><span style=\"font-weight: 400;\">En caso de que solicites informacio\u0301n a trave\u0301s del formulario de \u201cRegistre su intere\u0301s\u201d o te pongas en contacto con nuestro servicio de atencio\u0301n al cliente: la ejecucio\u0301n de la relacio\u0301n contractual contigo, o la adopcio\u0301n de medidas precontractuales si au\u0301n no eres cliente.<\/span><span style=\"font-weight: 400;\"><\/span><\/li>\n<li style=\"font-weight: 400;\" aria-level=\"1\"><span style=\"font-weight: 400;\">Para el cumplimiento de las distintas obligaciones legales que resultan aplicables.<\/span><span style=\"font-weight: 400;\"><br \/><\/span><\/li>\n<li style=\"font-weight: 400;\" aria-level=\"1\"><span style=\"font-weight: 400;\">En su caso, tu consentimiento para realizar ana\u0301lisis estadi\u0301sticos y elaborar perfiles basados en tus ha\u0301bitos de navegacio\u0301n.<\/span><span style=\"font-weight: 400;\"><br \/><\/span><\/li>\n<\/ul>\n<p>\u00bfCON QUIE\u0301N COMPARTIMOS TUS DATOS PERSONALES?<\/p>\n<p><span style=\"font-weight: 400;\">No se cedera\u0301n datos a terceros. No obstante, IKILI ha contratado la prestacio\u0301n de determinados servicios (p. ej. servicios de infraestructura virtual, de computacio\u0301n en la nube, etc.) a proveedores, los cuales podri\u0301an tener acceso y\/o tratar datos personales en su condicio\u0301n de encargados del tratamiento.<\/span><\/p>\n<p><span style=\"font-weight: 400;\">En cualquier caso, tus datos personales no sera\u0301n transferidos a pai\u0301ses localizados fuera de la Unio\u0301n Europea que no ofrezcan un nivel adecuado o no aporten las garanti\u0301as adecuadas de proteccio\u0301n.<\/span><\/p>\n<p><span style=\"font-weight: 400;\">Adicionalmente, podremos comunicar tus datos a las autoridades competentes cuando este\u0301 contemplado legalmente.<\/span><\/p>\n<p>\u00bfDURANTE CUA\u0301NTO TIEMPO CONSERVAMOS TUS DATOS?<\/p>\n<p><span style=\"font-weight: 400;\">IKILI conservara\u0301 tus datos personales para atender y\/o llevar a cabo los servicios solicitados (siempre que no se solicite su supresio\u0301n u oposicio\u0301n a trave\u0301s de los medios indicados en el apartado \u201c<\/span><i><span style=\"font-weight: 400;\">TUS DERECHOS<\/span><\/i><span style=\"font-weight: 400;\">\u201d) y los mantendra\u0301 durante los plazos de prescripcio\u0301n necesarios en funcio\u0301n de la legislacio\u0301n que, en cada caso, resulte aplicable para atender a futuras responsabilidades.<\/span><\/p>\n<p>ENLACES<\/p>\n<p><span style=\"font-weight: 400;\">Este Sitio puede incluir, mostrar o desplegar enlaces a otras pa\u0301ginas web para tu mayor comodidad e informacio\u0301n. Dichas pa\u0301ginas web pueden operar independientemente de nosotros. Es posible que estas pa\u0301ginas con enlaces tengan sus propias poli\u0301ticas de privacidad, te recomendamos encarecidamente que las leas cuando las visites. En la medida en que cualquier pa\u0301gina web con enlace que visites no sea de nuestra propiedad ni este\u0301 bajo nuestro control, no somos responsables del contenido de tales sitios web, su uso o sus pra\u0301cticas de privacidad.<\/span><\/p>\n<p>TUS DERECHOS<\/p>\n<p><span style=\"font-weight: 400;\">En cualquier momento, podra\u0301s ejercitar tus derechos de acceso, rectificacio\u0301n, oposicio\u0301n, supresio\u0301n (\u201cal olvido\u201d), limitacio\u0301n del tratamiento o portabilidad de tus datos, por escrito a trave\u0301s de la direccio\u0301n de correo electro\u0301nico: <\/span><span style=\"font-weight: 400;\">ikili.donostia@gmail.com<\/span> <span style=\"font-weight: 400;\">. <\/span><span style=\"font-weight: 400;\">En todo caso, debera\u0301s acreditar tu identidad mediante fotocopia de tu DNI, pasaporte o documento ana\u0301logo.<\/span><\/p>\n<p><span style=\"font-weight: 400;\">Atenderemos tu solicitud tan pronto como sea posible y, en cualquier caso, dentro del plazo legal establecido. Asimismo, podra\u0301s retirar tu consentimiento en cualquier momento a trave\u0301s de la direccio\u0301n de correo electro\u0301nico: <\/span><span style=\"font-weight: 400;\">ikili.donostia@gmail.com<\/span><span style=\"font-weight: 400;\"> , sin que en ningu\u0301n caso, la retirada del mismo condicione garantizarle una correcta gestio\u0301n de la relacio\u0301n comercial, salvo en el caso de las cookies, que podra\u0301s hacerlo en cualquier momento a trave\u0301s del panel de configuracio\u0301n.<\/span><span style=\"font-weight: 400;\"><br \/><\/span><span style=\"font-weight: 400;\">En el eventual supuesto de que incumplamos nuestras obligaciones en materia de proteccio\u0301n de datos, tienes derecho a presentar una reclamacio\u0301n ante la Agencia Espan\u0303ola de Proteccio\u0301n de Datos (<\/span><span style=\"font-weight: 400;\">www.aepd.es<\/span><span style=\"font-weight: 400;\">).<\/span><\/p>\n<p><span style=\"font-weight: 400;\">Por u\u0301ltimo, te recordamos que en caso de que nos proporciones datos relativos a otra persona fi\u0301sica debera\u0301s, con cara\u0301cter previo a su inclusio\u0301n, informarle de los extremos contenidos en la presente Poli\u0301tica.<\/span><\/p>\n<p>ACTUALIZACIO\u0301N<\/p>\n<p><span style=\"font-weight: 400;\">Esta Poli\u0301tica puede actualizarse perio\u0301dicamente para reflejar cambios en nuestros tratamientos de datos personales. Publicaremos un aviso destacado en el Sitio para notificarte cualquier cambio significativo en nuestra Poli\u0301tica e indicaremos en la parte inferior de la Poli\u0301tica cua\u0301ndo se actualizo\u0301 por u\u0301ltima vez.<\/span><\/p>\n<p><span style=\"font-weight: 400;\">U\u0301ltima actualizacio\u0301n: 2 de agosto de 2024.<\/span><\/p>\n<p><span style=\"font-weight: 400;\">\u00a9 2024 \u2013 IKILI \u2013 Prohibida su reproduccio\u0301n total o parcial. Reservados todos los derechos.\u00a0<\/span><\/p>\n<p>&nbsp;<\/p>\n<p>[\/et_pb_text][\/et_pb_column][\/et_pb_row][\/et_pb_section]<\/p>\n","protected":false},"excerpt":{"rendered":"<p>POLI\u0301TICA DE PRIVACIDAD Y AVISO LEGAL\u201cInformacio\u0301n ba\u0301sica sobre proteccio\u0301n de datos\u201d PRIMERA CAPAResponsable: IKILI DONOSTIA S.L. con NIF B20947339 y domicilio en Calle San Marcial, 7bis 20005 Donostia, Gipuzkoa, en adelante \u201cIKILI\u201d. Finalidad: i) gestionar correctamente las peticiones realizadas a trave\u0301s del formulario; ii) realizar el cumplimiento de obligaciones legales previstas en la Ley Orga\u0301nica [&hellip;]<\/p>\n","protected":false},"author":2,"featured_media":0,"parent":0,"menu_order":0,"comment_status":"closed","ping_status":"closed","template":"","meta":{"_et_pb_use_builder":"on","_et_pb_old_content":"","_et_gb_content_width":"","footnotes":""},"class_list":["post-103472","page","type-page","status-publish","hentry"],"aioseo_notices":[],"_links":{"self":[{"href":"https:\/\/ikili.eus\/en\/wp-json\/wp\/v2\/pages\/103472","targetHints":{"allow":["GET"]}}],"collection":[{"href":"https:\/\/ikili.eus\/en\/wp-json\/wp\/v2\/pages"}],"about":[{"href":"https:\/\/ikili.eus\/en\/wp-json\/wp\/v2\/types\/page"}],"author":[{"embeddable":true,"href":"https:\/\/ikili.eus\/en\/wp-json\/wp\/v2\/users\/2"}],"replies":[{"embeddable":true,"href":"https:\/\/ikili.eus\/en\/wp-json\/wp\/v2\/comments?post=103472"}],"version-history":[{"count":0,"href":"https:\/\/ikili.eus\/en\/wp-json\/wp\/v2\/pages\/103472\/revisions"}],"wp:attachment":[{"href":"https:\/\/ikili.eus\/en\/wp-json\/wp\/v2\/media?parent=103472"}],"curies":[{"name":"wp","href":"https:\/\/api.w.org\/{rel}","templated":true}]}}